{"id":27,"date":"2016-01-19T13:45:52","date_gmt":"2016-01-19T13:45:52","guid":{"rendered":"http:\/\/savocan.com\/?page_id=276"},"modified":"2020-02-25T15:12:15","modified_gmt":"2020-02-25T15:12:15","slug":"mantenimiento","status":"publish","type":"page","link":"https:\/\/www.savocan.com\/?page_id=27","title":{"rendered":"Mantenimiento"},"content":{"rendered":"<table width=\"100%\">\n<tbody>\n<tr>\n<td style=\"text-align: center; vertical-align: middle;\"><img decoding=\"async\" loading=\"lazy\" class=\"alignnone wp-image-278\" src=\"http:\/\/savocan.com\/wp-content\/uploads\/2016\/01\/Maintenance.jpg\" alt=\"Maintenance\" width=\"248\" height=\"177\"><\/td>\n<td style=\"text-align: center; vertical-align: middle;\">\n<h2><strong>Servicio Integral de Mantenimiento<br \/>\n<\/strong><\/h2>\n<\/td>\n<td style=\"text-align: center; vertical-align: middle;\"><img decoding=\"async\" loading=\"lazy\" class=\"alignnone wp-image-277\" src=\"http:\/\/savocan.com\/wp-content\/uploads\/2016\/01\/help.jpg\" alt=\"help\" width=\"248\" height=\"173\"><\/td>\n<\/tr>\n<tr>\n<td style=\"text-align: center; vertical-align: middle;\" colspan=\"3\">\n<h4><span style=\"color: #808080;\"><strong>Mantenimiento integral preventivo y soluci\u00f3n de incidencias.<br \/>\n<\/strong><\/span><\/h4>\n<\/td>\n<\/tr>\n<\/tbody>\n<\/table>\n<p style=\"text-align: justify;\"><span style=\"color: #808080;\"><strong>Tu empresa se merece un servicio inform\u00e1tico integral de calidad. Con nuestro servicio de mantenimiento ser\u00e1 como contar con un departamento t\u00e9cnico propio. Asesor\u00eda, resoluci\u00f3n de incidencias, copias de seguridad y todos los servicios que tu empresa necesita.<br \/>\n<\/strong><\/span><\/p>\n<table style=\"border-spacing: 10px; border-collapse: separate; height: 293px;\" width=\"331\" align=\"center\">\n<tbody>\n<tr>\n<td style=\"background-color: #f0f0f0; text-align: center; font-size: 14px;\">\n<h5><strong>Mantenimiento Integral<br \/>\n<\/strong><\/h5>\n<\/td>\n<\/tr>\n<tr>\n<td style=\"text-align: center; font-size: 12px;\">Comprobaci\u00f3n inicial de sus instalaciones<br \/>\nElaboraci\u00f3n de inventario y etiquetado de los equipos<br \/>\nVisita mensual para realizar comprobaci\u00f3n general<br \/>\nBackup mensual (en medios propios del cliente)<br \/>\nPortes gratuitos en la compra de suministros inform\u00e1ticos<br \/>\nAsistencia telef\u00f3nica, v\u00eda email y remota ilimitada<br \/>\nServicio sin compromisos de permanencia<br \/>\nConsultor\u00eda y asesor\u00eda incluida<br \/>\nConsultar mantenimientos en extraradio<\/td>\n<\/tr>\n<\/tbody>\n<\/table>\n<p><span style=\"color: #808080;\"><strong>Contacta ya con nosotros para obtener presupuesto personalizado acorde al parque inform\u00e1tico de tu empresa.<br \/>\n<\/strong><\/span><\/p>\n<p><span style=\"color: #808080; font-size: 12px;\">* Los servicios indicados son de car\u00e1cter orientativo y no incluyen: impuestos, instalaci\u00f3n o reparaci\u00f3n del cableado estructurado, equipos que pertenezcan a la instalaci\u00f3n de adsl\/fibra, gastos relacionados con terceras empresas (como las relacionadas con impresoras, esc\u00e1neres, etc.), asistencias urgentes o en d\u00edas festivos. <\/span><\/p>\n","protected":false},"excerpt":{"rendered":"<p>Servicio Integral de Mantenimiento Mantenimiento integral preventivo y soluci\u00f3n de incidencias. Tu empresa se merece un servicio inform\u00e1tico integral de calidad. Con nuestro servicio de mantenimiento ser\u00e1 como contar con un departamento t\u00e9cnico propio. Asesor\u00eda, resoluci\u00f3n de incidencias, copias de seguridad y todos los servicios que tu empresa necesita. Mantenimiento Integral Comprobaci\u00f3n inicial de sus [&hellip;]<\/p>\n","protected":false},"author":1,"featured_media":0,"parent":0,"menu_order":60,"comment_status":"closed","ping_status":"closed","template":"","meta":[],"_links":{"self":[{"href":"https:\/\/www.savocan.com\/index.php?rest_route=\/wp\/v2\/pages\/27"}],"collection":[{"href":"https:\/\/www.savocan.com\/index.php?rest_route=\/wp\/v2\/pages"}],"about":[{"href":"https:\/\/www.savocan.com\/index.php?rest_route=\/wp\/v2\/types\/page"}],"author":[{"embeddable":true,"href":"https:\/\/www.savocan.com\/index.php?rest_route=\/wp\/v2\/users\/1"}],"replies":[{"embeddable":true,"href":"https:\/\/www.savocan.com\/index.php?rest_route=%2Fwp%2Fv2%2Fcomments&post=27"}],"version-history":[{"count":2,"href":"https:\/\/www.savocan.com\/index.php?rest_route=\/wp\/v2\/pages\/27\/revisions"}],"predecessor-version":[{"id":100,"href":"https:\/\/www.savocan.com\/index.php?rest_route=\/wp\/v2\/pages\/27\/revisions\/100"}],"wp:attachment":[{"href":"https:\/\/www.savocan.com\/index.php?rest_route=%2Fwp%2Fv2%2Fmedia&parent=27"}],"curies":[{"name":"wp","href":"https:\/\/api.w.org\/{rel}","templated":true}]}}