{"id":25,"date":"2016-01-14T14:34:48","date_gmt":"2016-01-14T14:34:48","guid":{"rendered":"http:\/\/savocan.com\/?page_id=247"},"modified":"2016-01-14T14:34:48","modified_gmt":"2016-01-14T14:34:48","slug":"e-commerce","status":"publish","type":"page","link":"https:\/\/www.savocan.com\/?page_id=25","title":{"rendered":"E-Commerce"},"content":{"rendered":"<table width=\"100%\">\n<tbody>\n<tr>\n<td style=\"text-align: center; vertical-align: middle;\"><img decoding=\"async\" loading=\"lazy\" class=\"alignnone wp-image-249\" src=\"http:\/\/savocan.com\/wp-content\/uploads\/2016\/01\/abierto.png\" alt=\"abierto\" width=\"252\" height=\"126\" \/><\/td>\n<td style=\"text-align: center; vertical-align: middle;\">\n<h3><strong>Tu tienda en internet<br \/>\nlas 24hs.<br \/>\n<\/strong><\/h3>\n<\/td>\n<td style=\"text-align: center; vertical-align: middle;\"><img decoding=\"async\" loading=\"lazy\" class=\"alignnone wp-image-168\" src=\"http:\/\/savocan.com\/wp-content\/uploads\/2016\/01\/shopping.jpg\" alt=\"shopping\" width=\"156\" height=\"116\" \/><\/td>\n<\/tr>\n<tr>\n<td style=\"text-align: center; vertical-align: middle;\" colspan=\"3\"><span style=\"color: #808080;\"><strong>No dejes de vender tus productos en ning\u00fan momento con el servicio E-Commerce.<br \/>\n<\/strong><\/span><\/td>\n<\/tr>\n<\/tbody>\n<\/table>\n<p style=\"text-align: justify;\"><span style=\"color: #808080;\"><strong>Tu tienda online en internet. Creamos tu tienda E-Commerce. \u00a1Empieza hoy!, te ayudamos a decidir qu\u00e9 tecnolog\u00eda y servicios se adaptan mejor a tus necesidades.<\/strong><\/span><\/p>\n<table style=\"border-spacing: 10px; border-collapse: separate;\" width=\"100%\">\n<tbody>\n<tr>\n<td style=\"background-color: #f0f0f0; text-align: center; font-size: 14px;\"><strong>SERVICIO BRONCE<\/strong><\/td>\n<td style=\"background-color: #f0f0f0; text-align: center; font-size: 14px;\"><strong>SERVICIO PLATA<\/strong><\/td>\n<td style=\"background-color: #f0f0f0; text-align: center; font-size: 14px;\"><strong>SERVICIO ORO<\/strong><\/td>\n<\/tr>\n<tr>\n<td style=\"text-align: center;\"><\/td>\n<td style=\"text-align: center;\"><\/td>\n<td style=\"text-align: center;\"><\/td>\n<\/tr>\n<tr>\n<td style=\"text-align: center;\"><strong>E-commerce b\u00e1sico<\/strong><\/td>\n<td style=\"text-align: center;\"><strong>E-commerce Avanzado<\/strong><\/td>\n<td style=\"text-align: center;\"><strong>E-commerce Premium<\/strong><\/td>\n<\/tr>\n<tr>\n<td style=\"text-align: center; font-size: 11px;\" width=\"33%\">Tienda Online b\u00e1sica<br \/>\nPlantilla b\u00e1sica<br \/>\nCreaci\u00f3n b\u00e1sica de catalogo<\/td>\n<td style=\"text-align: center; font-size: 11px;\" width=\"33%\">Tienda Online Avanzada<br \/>\nPlantilla personalizada<br \/>\nInstalaci\u00f3n de plugins<br \/>\nImportaci\u00f3n del cat\u00e1logo XML, CVS, etc.<\/td>\n<td style=\"text-align: center; font-size: 11px;\" width=\"33%\">Tienda Online Premium<br \/>\nPlantilla personalizada<br \/>\nDise\u00f1o de logo \/ Colores corporativos<br \/>\nInstalaci\u00f3n, ajuste y configuraci\u00f3n de funcionalidades o plugins<br \/>\nConfiguraci\u00f3n de pasarelas de pago<br \/>\nCreaci\u00f3n avanzada de cat\u00e1logo y usuarios<\/td>\n<\/tr>\n<\/tbody>\n<\/table>\n<p><span style=\"color: #808080;\"><strong>Contacta ya con nosotros para obtener asesoramiento personalizado. Te ayudaremos a definir tu presupuesto y a sacar el m\u00e1ximo partido a los servicios de internet.<\/strong><\/span><\/p>\n<p><span style=\"color: #808080; font-size: 11px;\">* Los precios y servicios indicados son de car\u00e1cter orientativo y no incluyen: la compra del dominio, los servicios de email, los servicios de hosting o base de datos. El servicio ofertado se basa en la plataforma prestashop. Para otras opciones no dude en consultarnos.<br \/>\n** Ninguna de las opciones ofertadas incluye la gesti\u00f3n diaria de la tienda; si desea dicho servicio, no dude en consultarnos.<br \/>\n<\/span><\/p>\n","protected":false},"excerpt":{"rendered":"<p>Tu tienda en internet las 24hs. No dejes de vender tus productos en ning\u00fan momento con el servicio E-Commerce. Tu tienda online en internet. Creamos tu tienda E-Commerce. \u00a1Empieza hoy!, te ayudamos a decidir qu\u00e9 tecnolog\u00eda y servicios se adaptan mejor a tus necesidades. SERVICIO BRONCE SERVICIO PLATA SERVICIO ORO E-commerce b\u00e1sico E-commerce Avanzado E-commerce [&hellip;]<\/p>\n","protected":false},"author":1,"featured_media":0,"parent":0,"menu_order":50,"comment_status":"closed","ping_status":"closed","template":"","meta":[],"_links":{"self":[{"href":"https:\/\/www.savocan.com\/index.php?rest_route=\/wp\/v2\/pages\/25"}],"collection":[{"href":"https:\/\/www.savocan.com\/index.php?rest_route=\/wp\/v2\/pages"}],"about":[{"href":"https:\/\/www.savocan.com\/index.php?rest_route=\/wp\/v2\/types\/page"}],"author":[{"embeddable":true,"href":"https:\/\/www.savocan.com\/index.php?rest_route=\/wp\/v2\/users\/1"}],"replies":[{"embeddable":true,"href":"https:\/\/www.savocan.com\/index.php?rest_route=%2Fwp%2Fv2%2Fcomments&post=25"}],"version-history":[{"count":0,"href":"https:\/\/www.savocan.com\/index.php?rest_route=\/wp\/v2\/pages\/25\/revisions"}],"wp:attachment":[{"href":"https:\/\/www.savocan.com\/index.php?rest_route=%2Fwp%2Fv2%2Fmedia&parent=25"}],"curies":[{"name":"wp","href":"https:\/\/api.w.org\/{rel}","templated":true}]}}