{"id":23,"date":"2016-01-13T13:20:50","date_gmt":"2016-01-13T13:20:50","guid":{"rendered":"http:\/\/savocan.com\/?page_id=172"},"modified":"2016-01-13T13:20:50","modified_gmt":"2016-01-13T13:20:50","slug":"contacto","status":"publish","type":"page","link":"https:\/\/www.savocan.com\/?page_id=23","title":{"rendered":"Contacto"},"content":{"rendered":"<p><span style=\"color: #333333;\"><strong>Puedes contactar con nostros en nuestro tel\u00e9fono o a trav\u00e9s de nuestro email.<\/strong><\/span><\/p>\n<p><img decoding=\"async\" loading=\"lazy\" class=\"size-full wp-image-231 alignleft\" src=\"http:\/\/savocan.com\/wp-content\/uploads\/2016\/01\/qrcode.33075319.png\" alt=\"qrcode.33075319\" width=\"200\" height=\"200\" \/><\/p>\n<p>&nbsp;<\/p>\n<p>&nbsp;<\/p>\n<p><strong>Tlf: 626 50 13 73<\/strong><br \/>\n<strong> Email: info@savocan.com<\/strong><\/p>\n<p>&nbsp;<\/p>\n<p>&nbsp;<\/p>\n<p><span style=\"color: #333333;\"><strong>O simplemente puedes escanear con tu m\u00f3vil el c\u00f3digo QR y ya nos tendr\u00e1s como contacto en tu agenda.<\/strong><\/span><\/p>\n","protected":false},"excerpt":{"rendered":"<p>Puedes contactar con nostros en nuestro tel\u00e9fono o a trav\u00e9s de nuestro email. &nbsp; &nbsp; Tlf: 626 50 13 73 Email: info@savocan.com &nbsp; &nbsp; O simplemente puedes escanear con tu m\u00f3vil el c\u00f3digo QR y ya nos tendr\u00e1s como contacto en tu agenda.<\/p>\n","protected":false},"author":1,"featured_media":0,"parent":0,"menu_order":50,"comment_status":"closed","ping_status":"closed","template":"","meta":[],"_links":{"self":[{"href":"https:\/\/www.savocan.com\/index.php?rest_route=\/wp\/v2\/pages\/23"}],"collection":[{"href":"https:\/\/www.savocan.com\/index.php?rest_route=\/wp\/v2\/pages"}],"about":[{"href":"https:\/\/www.savocan.com\/index.php?rest_route=\/wp\/v2\/types\/page"}],"author":[{"embeddable":true,"href":"https:\/\/www.savocan.com\/index.php?rest_route=\/wp\/v2\/users\/1"}],"replies":[{"embeddable":true,"href":"https:\/\/www.savocan.com\/index.php?rest_route=%2Fwp%2Fv2%2Fcomments&post=23"}],"version-history":[{"count":0,"href":"https:\/\/www.savocan.com\/index.php?rest_route=\/wp\/v2\/pages\/23\/revisions"}],"wp:attachment":[{"href":"https:\/\/www.savocan.com\/index.php?rest_route=%2Fwp%2Fv2%2Fmedia&parent=23"}],"curies":[{"name":"wp","href":"https:\/\/api.w.org\/{rel}","templated":true}]}}